{"id":17,"date":"2021-11-03T15:52:35","date_gmt":"2021-11-03T15:52:35","guid":{"rendered":"https:\/\/www.click-fiction.com\/?page_id=17"},"modified":"2023-02-27T15:54:09","modified_gmt":"2023-02-27T15:54:09","slug":"click-fiction","status":"publish","type":"page","link":"https:\/\/www.click-fiction.com\/","title":{"rendered":"Click Fiction"},"content":{"rendered":"\nHier klicken um die Punktnavigation zu bearbeiten. Dieser Text wird nur im Editor-Modus angezeigt und wird nach dem Ver\u00f6ffentlichen verschwinden.\n    <ul>\n        <li><a href=\"#\" data-row-id=\"was\" data-prev-row-id=\"\">Was<\/a><\/li><li><a href=\"#\" data-row-id=\"wie\" data-prev-row-id=\"was\">Wie<\/a><\/li><li><a href=\"#\" data-row-id=\"wer\" data-prev-row-id=\"wie\">Wer<\/a><\/li><li><a href=\"#\" data-row-id=\"showreel\" data-prev-row-id=\"wer\">Showreel<\/a><\/li><li><a href=\"#\" data-row-id=\"kontakt\" data-prev-row-id=\"showreel\">Kontakt<\/a><\/li>    <\/ul>\n<h2>\n\t\tFokus auf Inhalte &#8211; nicht auf Technik\n\t<\/h2>\n\t<p>Endlich <strong>keinen Stress mehr<\/strong> mit digitalen Inhalten in Deinen Filmproduktionen.&nbsp;Du produzierst coole <strong>Filme, Serien oder Dokumentationen?<\/strong> Wir bilden die Schnittstelle zwischen Regie und Szenenbild. Dass was im Drehbuch steht, pr\u00fcfen wir auf technische Umsetzbarkeit und machen Vorschl\u00e4ge, wie eine zeitgem\u00e4\u00dfe visuelle Umsetzung aussehen kann.<\/p>\n<h2>\n\t\tBeratung\n\t<\/h2>\n\t<p><strong>Wir beraten Dich<\/strong>,&nbsp;wie die digitalen Inhalte, die in Deinem Drehbuch stehen, umgesetzt werden k\u00f6nnen. Du entscheidest dann auf Basis unserer Vorschl\u00e4ge, wie die Umsetzung aussehen soll.<\/p>\n<h2>\n\t\tDesign\n\t<\/h2>\n\t<p><strong>Wir designen die Apps oder Website<\/strong>,&nbsp;die Du in Deiner Produktion zeigen m\u00f6chtest. Und das Ganze ist immer state-of-the-art. Genauso wie Deine Produktion!<\/p>\n<h2>\n\t\tTechnische Umsetzung  \n\t<\/h2>\n\t<p><strong>Von uns bekommst Du alles aus einer Hand.<\/strong> Wir bespielen Deine Devices mit der Software aus der Ferne, sodass unn\u00f6tige Meetings entfallen. Wir sind nat\u00fcrlich immer an Deiner Seite, um Dir bei m\u00f6glichen Problemen die Arbeit und den Stress zu nehmen.<\/p>\n<h2>\n\t\tBeratung am Set\n\t<\/h2>\n\t<p>In bestimmten Situationen kann es Sinn machen, dass wir <strong> Dich am Set unters\u00fctzen.<\/strong> Beispielsweise, wenn der Regisseur in letzter Sekunde \u00c4nderungen w\u00fcnscht, die Darsteller:in&nbsp; gebrieft werden muss oder&nbsp; eine generelle Einweisung ben\u00f6tigt wird. Dann sind wir da, und sorgen f\u00fcr einen reibungslosen Ablauf.<\/p>\n\t\t\t<a href=\"#kontakt\" target=\"_self\" role=\"button\" rel=\"noopener\">\n\t\t\t\t\t\t\tJetzt durchstarten!\n\t\t\t\t\t<\/a>\n<h2>\n\t\tWer wir sind\n\t<\/h2>\n\t<p>Wir sind ein <strong>junges Team aus Hamburg<\/strong>, das sich <strong>seit 10 Jahren<\/strong> auf die Bereitstellung von digitalen Inhalten fokussiert. Wir entwickeln Apps, Websites oder Inhalte f\u00fcr andere Smarte Medien wie Smart TVs oder Tablets. Durch unsere Liebe zum Film haben wir uns entschlossen, nun unseren Service auch <strong>explizit f\u00fcr die Filmindustrie<\/strong> anzubieten.<\/p>\n\t\t\t\t<img loading=\"lazy\" decoding=\"async\" src=\"https:\/\/www.click-fiction.com\/wp-content\/uploads\/2022\/03\/11880536_1068575926494262_4647089336674625582_n.jpg\" alt=\"11880536_1068575926494262_4647089336674625582_n\" itemprop=\"image\" height=\"540\" width=\"540\" title=\"11880536_1068575926494262_4647089336674625582_n\" onerror=\"this.style.display='none'\">\n<h2>\n\t\tJ\u00f6rg Salamon\n\t<\/h2>\n\t\t\t\t<img loading=\"lazy\" decoding=\"async\" src=\"https:\/\/www.click-fiction.com\/wp-content\/uploads\/2022\/03\/sebastian-bw.jpg\" alt=\"sebastian-bw\" itemprop=\"image\" height=\"1080\" width=\"1080\" title=\"sebastian-bw\" onerror=\"this.style.display='none'\">\n<h2>\n\t\tSebastian Glowala\n\t<\/h2>\n\t\t\t\t<img loading=\"lazy\" decoding=\"async\" src=\"https:\/\/www.click-fiction.com\/wp-content\/uploads\/2023\/02\/arian.jpeg\" alt=\"OLYMPUS DIGITAL CAMERA\" itemprop=\"image\" height=\"1024\" width=\"768\" title=\"OLYMPUS DIGITAL CAMERA\" onerror=\"this.style.display='none'\">\n<h2>\n\t\tArian Okhovat\n\t<\/h2>\n\t\t\t\t<img loading=\"lazy\" decoding=\"async\" src=\"https:\/\/www.click-fiction.com\/wp-content\/uploads\/2022\/03\/624fa330-9a75-4a97-8d4c-5397ae02e48e.jpg\" alt=\"624fa330-9a75-4a97-8d4c-5397ae02e48e\" itemprop=\"image\" height=\"1600\" width=\"1200\" title=\"624fa330-9a75-4a97-8d4c-5397ae02e48e\" onerror=\"this.style.display='none'\">\n<h2>\n\t\tJulian R\u00fcscher\n\t<\/h2>\n<h2>\n\t\tHier zu sehen\n\t<\/h2>\n\t\t\t\t\t\t\t<img decoding=\"async\" src=\"https:\/\/www.click-fiction.com\/wp-content\/uploads\/2021\/12\/prime-video.jpg\" alt=\"https:\/\/www.click-fiction.com\/wp-content\/uploads\/2021\/12\/prime-video.jpg\" data-no-lazy=\"1\">\n\t\t\t\t\t\t\t<img decoding=\"async\" src=\"https:\/\/www.click-fiction.com\/wp-content\/uploads\/2021\/12\/die-kanzlei.jpg\" alt=\"https:\/\/www.click-fiction.com\/wp-content\/uploads\/2021\/12\/die-kanzlei.jpg\" data-no-lazy=\"1\">\n\t\t\t\t\t\t\t<img decoding=\"async\" src=\"https:\/\/www.click-fiction.com\/wp-content\/uploads\/2022\/01\/dieDiscounter.jpg\" alt=\"https:\/\/www.click-fiction.com\/wp-content\/uploads\/2022\/01\/dieDiscounter.jpg\" data-no-lazy=\"1\">\n<h2>\n\t\tShow Reel\n\t<\/h2>\n\tIn unserem Shoowreel siehst Du einige aktuelle Referenzen aus 2022. Du m\u00f6chstest wissen, ob wir ein konkretes Vorhaben von Dir begleiten k\u00f6nnen oder ob das was im Drehbuch steht machbar ist? Melde Dich einfach \u00fcber das Kontaktformular bei uns oder rufe direkt an!<br>\n\n\t<meta itemprop=\"url\" content=\"https:\/\/www.click-fiction.com\/wp-content\/uploads\/2022\/03\/Showreel-Clickfiction-3.mp4\"><div style=\"width: 640px;\" class=\"wp-video\"><video class=\"wp-video-shortcode\" id=\"video-17-1\" width=\"640\" height=\"360\" poster=\"https:\/\/www.click-fiction.com\/wp-content\/uploads\/2022\/03\/poster-scaled.jpg\" preload=\"none\" controls=\"controls\"><source type=\"video\/mp4\" src=\"https:\/\/www.click-fiction.com\/wp-content\/uploads\/2022\/03\/Showreel-Clickfiction-3.mp4?_=1\" \/><source type=\"video\/webm\" src=\"https:\/\/www.click-fiction.com\/wp-content\/uploads\/2022\/03\/Showreel-Clickfiction-3.webm?_=1\" \/><a href=\"https:\/\/www.click-fiction.com\/wp-content\/uploads\/2022\/03\/Showreel-Clickfiction-3.mp4\">https:\/\/www.click-fiction.com\/wp-content\/uploads\/2022\/03\/Showreel-Clickfiction-3.mp4<\/a><\/video><\/div>\n<h2>\n\t\tKontakt\n\t<\/h2>\n<form>\n\t<input type=\"hidden\" name=\"fl-layout-id\" value=\"17\">\n    \n\t\n    \t\t<label for=\"pp-name-\">Name<\/label>\n    \t\tBitte gib Deinen Namen ein.\n    \t\t<input type=\"text\" name=\"pp-name\" id=\"pp-name-\" value=\"\" placeholder=\"Name\">\n    \t\t<label for=\"pp-email-\">E-Mail<\/label>\n    \t\tBitte gib eine valide E-Mail Adresse an.\n    \t\t<input type=\"email\" name=\"pp-email\" id=\"pp-email-\" value=\"\" placeholder=\"E-Mail\">\n    \t\t<label for=\"pp-phone-\">Telefon<\/label>\n    \t\tBitte gib eine g\u00fcltige Telefonnummer an.\n    \t\t<input type=\"tel\" name=\"pp-phone\" id=\"pp-phone-\" value=\"\" placeholder=\"Telefon\">\n    \t\t<label for=\"pp-message-\">Anfrage<\/label>\n    \t\tPlease type your message.\n    \t\t<textarea name=\"pp-message\" id=\"pp-message-\" placeholder=\"Anfrage\"><\/textarea>\n\t\t<input type=\"checkbox\" name=\"pp-checkbox\" id=\"pp-checkbox_\" value=\"1\">\n\t\t<label for=\"pp-checkbox_\">Ich m\u00f6chte f\u00fcr ein Erstgespr\u00e4ch kontaktiert werden<\/label>\n\t\tPlease check this field.\n    \t<a href=\"#\" target=\"_self\" role=\"button\" rel=\"noopener\">\n    \t\t    \t\t    \t\tSenden\n    \t\t    \t\t    \t<\/a>\n\t\t\tVersand fehlgeschlagen. Bitte versuche es noch einmal.\n<\/form>\n  <p>Vielen Dank f\u00fcr Deine Nachricht! Wir werden uns bald bei Dir melden.<\/p>\n\t\t\t\tImpressum\n\t\t\t\t<p>nudge GmbH<br>Sitz:<br>Grindelberg 15a<br>20144 Hamburg<br>Deutschland<\/p>\n<p>Gesch\u00e4ftsf\u00fchrer<br>J\u00f6rg Salamon<\/p>\n<p>Registergericht:<br>Amtsgericht Hamburg HRB 116788<\/p>\n<p>UstId:<br>DE-275229105<\/p>\n<p>E-Mail: <a href=\"mailto:info@nudge.media\">info@nudge.media<\/a><br>Web: <a href=\"http:\/\/www.nudge.media\/\">http:\/\/www.nudge.media<\/a><br>Tel.: <a href=\"tel:+494087099487\">+49 (0) 40 87099487<\/a><\/p>\n\t\t\t\tDatenschutz\n\t\t\t\t<p>1. DATENSCHUTZ AUF EINEN BLICK<br>ALLGEMEINE HINWEISE<br>Die folgenden Hinweise geben einen einfachen \u00dcberblick dar\u00fcber, was mit Ihren personenbezogenen Daten passiert, wenn Sie unsere Website besuchen. Personenbezogene Daten sind alle Daten, mit denen Sie pers\u00f6nlich identifiziert werden k\u00f6nnen. Ausf\u00fchrliche Informationen zum Thema Datenschutz entnehmen Sie unserer unter diesem Text aufgef\u00fchrten Datenschutzerkl\u00e4rung.<\/p>\n<p>DATENERFASSUNG AUF UNSERER WEBSITE<br>Wer ist verantwortlich f\u00fcr die Datenerfassung auf dieser Website?<\/p>\n<p>Die Datenverarbeitung auf dieser Website erfolgt durch den Websitebetreiber. Dessen Kontaktdaten k\u00f6nnen Sie dem Impressum dieser Website entnehmen.<\/p>\n<p>Wie erfassen wir Ihre Daten?<\/p>\n<p>Ihre Daten werden zum einen dadurch erhoben, dass Sie uns diese mitteilen. Hierbei kann es sich z.B. um Daten handeln, die Sie in ein Kontaktformular eingeben.<\/p>\n<p>Andere Daten werden automatisch beim Besuch der Website durch unsere IT-Systeme erfasst. Das sind vor allem technische Daten (z.B. Internetbrowser, Betriebssystem oder Uhrzeit des Seitenaufrufs). Die Erfassung dieser Daten erfolgt automatisch, sobald Sie unsere Website betreten.<\/p>\n<p>Wof\u00fcr nutzen wir Ihre Daten?<\/p>\n<p>Ein Teil der Daten wird erhoben, um eine fehlerfreie Bereitstellung der Website zu gew\u00e4hrleisten. Andere Daten k\u00f6nnen zur Analyse Ihres Nutzerverhaltens verwendet werden.<\/p>\n<p>Welche Rechte haben Sie bez\u00fcglich Ihrer Daten?<\/p>\n<p>Sie haben jederzeit das Recht unentgeltlich Auskunft \u00fcber Herkunft, Empf\u00e4nger und Zweck Ihrer gespeicherten personenbezogenen Daten zu erhalten. Sie haben au\u00dferdem ein Recht, die Berichtigung, Sperrung oder L\u00f6schung dieser Daten zu verlangen. Hierzu sowie zu weiteren Fragen zum Thema Datenschutz k\u00f6nnen Sie sich jederzeit unter der im Impressum angegebenen Adresse an uns wenden. Des Weiteren steht Ihnen ein Beschwerderecht bei der zust\u00e4ndigen Aufsichtsbeh\u00f6rde zu.<\/p>\n<p>ANALYSE-TOOLS UND TOOLS VON DRITTANBIETERN<br>Beim Besuch unserer Website kann Ihr Surf-Verhalten statistisch ausgewertet werden. Das geschieht vor allem mit Cookies und mit sogenannten Analyseprogrammen. Die Analyse Ihres Surf-Verhaltens erfolgt in der Regel anonym; das Surf-Verhalten kann nicht zu Ihnen zur\u00fcckverfolgt werden. Sie k\u00f6nnen dieser Analyse widersprechen oder sie durch die Nichtbenutzung bestimmter Tools verhindern. Detaillierte Informationen dazu finden Sie in der folgenden Datenschutzerkl\u00e4rung.<\/p>\n<p>Sie k\u00f6nnen dieser Analyse widersprechen. \u00dcber die Widerspruchsm\u00f6glichkeiten werden wir Sie in dieser Datenschutzerkl\u00e4rung informieren.<\/p>\n<p>2. ALLGEMEINE HINWEISE UND PFLICHTINFORMATIONEN<br>DATENSCHUTZ<br>Die Betreiber dieser Seiten nehmen den Schutz Ihrer pers\u00f6nlichen Daten sehr ernst. Wir behandeln Ihre personenbezogenen Daten vertraulich und entsprechend der gesetzlichen Datenschutzvorschriften sowie dieser Datenschutzerkl\u00e4rung.<\/p>\n<p>Wenn Sie diese Website benutzen, werden verschiedene personenbezogene Daten erhoben. Personenbezogene Daten sind Daten, mit denen Sie pers\u00f6nlich identifiziert werden k\u00f6nnen. Die vorliegende Datenschutzerkl\u00e4rung erl\u00e4utert, welche Daten wir erheben und wof\u00fcr wir sie nutzen. Sie erl\u00e4utert auch, wie und zu welchem Zweck das geschieht.<\/p>\n<p>Wir weisen darauf hin, dass die Daten\u00fcbertragung im Internet (z.B. bei der Kommunikation per E-Mail) Sicherheitsl\u00fccken aufweisen kann. Ein l\u00fcckenloser Schutz der Daten vor dem Zugriff durch Dritte ist nicht m\u00f6glich.<\/p>\n<p>HINWEIS ZUR VERANTWORTLICHEN STELLE<br>Die verantwortliche Stelle f\u00fcr die Datenverarbeitung auf dieser Website ist:<\/p>\n<p>nudge GmbH<br>J\u00f6rg Salamon<br>Grindelberg 15a, 20144 Hamburg<\/p>\n<p>Telefon: 040-87099487<br>E-Mail: info@nudge.media<\/p>\n<p>Verantwortliche Stelle ist die nat\u00fcrliche oder juristische Person, die allein oder gemeinsam mit anderen \u00fcber die Zwecke und Mittel der Verarbeitung von personenbezogenen Daten (z.B. Namen, E-Mail-Adressen o. \u00c4.) entscheidet.<\/p>\n<p>WIDERRUF IHRER EINWILLIGUNG ZUR DATENVERARBEITUNG<br>Viele Datenverarbeitungsvorg\u00e4nge sind nur mit Ihrer ausdr\u00fccklichen Einwilligung m\u00f6glich. Sie k\u00f6nnen eine bereits erteilte Einwilligung jederzeit widerrufen. Dazu reicht eine formlose Mitteilung per E-Mail an uns. Die Rechtm\u00e4\u00dfigkeit der bis zum Widerruf erfolgten Datenverarbeitung bleibt vom Widerruf unber\u00fchrt.<\/p>\n<p>BESCHWERDERECHT BEI DER ZUST\u00c4NDIGEN AUFSICHTSBEH\u00d6RDE<br>Im Falle datenschutzrechtlicher Verst\u00f6\u00dfe steht dem Betroffenen ein Beschwerderecht bei der zust\u00e4ndigen Aufsichtsbeh\u00f6rde zu. Zust\u00e4ndige Aufsichtsbeh\u00f6rde in datenschutzrechtlichen Fragen ist der Landesdatenschutzbeauftragte des Bundeslandes, in dem unser Unternehmen seinen Sitz hat. Eine Liste der Datenschutzbeauftragten sowie deren Kontaktdaten k\u00f6nnen folgendem Link entnommen werden: https:\/\/www.bfdi.bund.de\/DE\/Infothek\/Anschriften_Links\/anschriften_links-node.html.<\/p>\n<p>RECHT AUF DATEN\u00dcBERTRAGBARKEIT<br>Sie haben das Recht, Daten, die wir auf Grundlage Ihrer Einwilligung oder in Erf\u00fcllung eines Vertrags automatisiert verarbeiten, an sich oder an einen Dritten in einem g\u00e4ngigen, maschinenlesbaren Format aush\u00e4ndigen zu lassen. Sofern Sie die direkte \u00dcbertragung der Daten an einen anderen Verantwortlichen verlangen, erfolgt dies nur, soweit es technisch machbar ist.<\/p>\n<p>AUSKUNFT, SPERRUNG, L\u00d6SCHUNG<br>Sie haben im Rahmen der geltenden gesetzlichen Bestimmungen jederzeit das Recht auf unentgeltliche Auskunft \u00fcber Ihre gespeicherten personenbezogenen Daten, deren Herkunft und Empf\u00e4nger und den Zweck der Datenverarbeitung und ggf. ein Recht auf Berichtigung, Sperrung oder L\u00f6schung dieser Daten. Hierzu sowie zu weiteren Fragen zum Thema personenbezogene Daten k\u00f6nnen Sie sich jederzeit unter der im Impressum angegebenen Adresse an uns wenden.<\/p>\n<p>WIDERSPRUCH GEGEN WERBE-MAILS<br>Der Nutzung von im Rahmen der Impressumspflicht ver\u00f6ffentlichten Kontaktdaten zur \u00dcbersendung von nicht ausdr\u00fccklich angeforderter Werbung und Informationsmaterialien wird hiermit widersprochen. Die Betreiber der Seiten behalten sich ausdr\u00fccklich rechtliche Schritte im Falle der unverlangten Zusendung von Werbeinformationen, etwa durch Spam-E-Mails, vor.<\/p>\n<p>3. DATENERFASSUNG AUF UNSERER WEBSITE<br>COOKIES<br>Die Internetseiten verwenden teilweise so genannte Cookies. Cookies richten auf Ihrem Rechner keinen Schaden an und enthalten keine Viren. Cookies dienen dazu, unser Angebot nutzerfreundlicher, effektiver und sicherer zu machen. Cookies sind kleine Textdateien, die auf Ihrem Rechner abgelegt werden und die Ihr Browser speichert.<\/p>\n<p>Die meisten der von uns verwendeten Cookies sind so genannte &#8222;Session-Cookies&#8220;. Sie werden nach Ende Ihres Besuchs automatisch gel\u00f6scht. Andere Cookies bleiben auf Ihrem Endger\u00e4t gespeichert bis Sie diese l\u00f6schen. Diese Cookies erm\u00f6glichen es uns, Ihren Browser beim n\u00e4chsten Besuch wiederzuerkennen.<\/p>\n<p>Sie k\u00f6nnen Ihren Browser so einstellen, dass Sie \u00fcber das Setzen von Cookies informiert werden und Cookies nur im Einzelfall erlauben, die Annahme von Cookies f\u00fcr bestimmte F\u00e4lle oder generell ausschlie\u00dfen sowie das automatische L\u00f6schen der Cookies beim Schlie\u00dfen des Browser aktivieren. Bei der Deaktivierung von Cookies kann die Funktionalit\u00e4t dieser Website eingeschr\u00e4nkt sein.<\/p>\n<p>Cookies, die zur Durchf\u00fchrung des elektronischen Kommunikationsvorgangs oder zur Bereitstellung bestimmter, von Ihnen erw\u00fcnschter Funktionen (z.B. Warenkorbfunktion) erforderlich sind, werden auf Grundlage von Art. 6 Abs. 1 lit. f DSGVO gespeichert. Der Websitebetreiber hat ein berechtigtes Interesse an der Speicherung von Cookies zur technisch fehlerfreien und optimierten Bereitstellung seiner Dienste. Soweit andere Cookies (z.B. Cookies zur Analyse Ihres Surfverhaltens) gespeichert werden, werden diese in dieser Datenschutzerkl\u00e4rung gesondert behandelt.<\/p>\n<p>SERVER-LOG-DATEIEN<br>Der Provider der Seiten erhebt und speichert automatisch Informationen in so genannten Server-Log-Dateien, die Ihr Browser automatisch an uns \u00fcbermittelt. Dies sind:<\/p>\n<p>Browsertyp und Browserversion<br>verwendetes Betriebssystem<br>Referrer URL<br>Hostname des zugreifenden Rechners<br>Uhrzeit der Serveranfrage<br>IP-Adresse<br>Eine Zusammenf\u00fchrung dieser Daten mit anderen Datenquellen wird nicht vorgenommen.<\/p>\n<p>Grundlage f\u00fcr die Datenverarbeitung ist Art. 6 Abs. 1 lit. f DSGVO, der die Verarbeitung von Daten zur Erf\u00fcllung eines Vertrags oder vorvertraglicher Ma\u00dfnahmen gestattet.<\/p>\n<p>4. PLUGINS UND TOOLS<br>GOOGLE WEB FONTS<br>Diese Seite nutzt zur einheitlichen Darstellung von Schriftarten so genannte Web Fonts, die von Google bereitgestellt werden. Beim Aufruf einer Seite l\u00e4dt Ihr Browser die ben\u00f6tigten Web Fonts in ihren Browsercache, um Texte und Schriftarten korrekt anzuzeigen.<\/p>\n<p>Zu diesem Zweck muss der von Ihnen verwendete Browser Verbindung zu den Servern von Google aufnehmen. Hierdurch erlangt Google Kenntnis dar\u00fcber, dass \u00fcber Ihre IP-Adresse unsere Website aufgerufen wurde. Die Nutzung von Google Web Fonts erfolgt im Interesse einer einheitlichen und ansprechenden Darstellung unserer Online-Angebote. Dies stellt ein berechtigtes Interesse im Sinne von Art. 6 Abs. 1 lit. f DSGVO dar.<\/p>\n<p>Wenn Ihr Browser Web Fonts nicht unterst\u00fctzt, wird eine Standardschrift von Ihrem Computer genutzt.<\/p>\n<p>Weitere Informationen zu Google Web Fonts finden Sie unter https:\/\/developers.google.com\/fonts\/faq und in der Datenschutzerkl\u00e4rung von Google: https:\/\/www.google.com\/policies\/privacy\/.<\/p>\n","protected":false},"excerpt":{"rendered":"<p>Hier klicken um die Punktnavigation zu bearbeiten. Dieser Text wird nur im Editor-Modus angezeigt und wird nach dem Ver\u00f6ffentlichen verschwinden. Was Wie Wer Showreel Kontakt Fokus auf Inhalte &#8211; nicht auf Technik Endlich keinen Stress mehr mit digitalen Inhalten in Deinen Filmproduktionen.&nbsp;Du produzierst coole Filme, Serien oder Dokumentationen? Wir bilden die Schnittstelle zwischen Regie und &hellip;<\/p>\n<p class=\"read-more\"> <a class=\"\" href=\"https:\/\/www.click-fiction.com\/\"> <span class=\"screen-reader-text\">Click Fiction<\/span> Read More \u00bb<\/a><\/p>\n","protected":false},"author":1,"featured_media":0,"parent":0,"menu_order":0,"comment_status":"closed","ping_status":"closed","template":"","meta":{"site-sidebar-layout":"","site-content-layout":"","ast-main-header-display":"","ast-hfb-above-header-display":"","ast-hfb-below-header-display":"","ast-hfb-mobile-header-display":"","site-post-title":"disabled","ast-breadcrumbs-content":"","ast-featured-img":"","footer-sml-layout":"","theme-transparent-header-meta":"","adv-header-id-meta":"","stick-header-meta":"","header-above-stick-meta":"","header-main-stick-meta":"","header-below-stick-meta":"","footnotes":""},"class_list":["post-17","page","type-page","status-publish","hentry"],"_links":{"self":[{"href":"https:\/\/www.click-fiction.com\/index.php?rest_route=\/wp\/v2\/pages\/17","targetHints":{"allow":["GET"]}}],"collection":[{"href":"https:\/\/www.click-fiction.com\/index.php?rest_route=\/wp\/v2\/pages"}],"about":[{"href":"https:\/\/www.click-fiction.com\/index.php?rest_route=\/wp\/v2\/types\/page"}],"author":[{"embeddable":true,"href":"https:\/\/www.click-fiction.com\/index.php?rest_route=\/wp\/v2\/users\/1"}],"replies":[{"embeddable":true,"href":"https:\/\/www.click-fiction.com\/index.php?rest_route=%2Fwp%2Fv2%2Fcomments&post=17"}],"version-history":[{"count":46,"href":"https:\/\/www.click-fiction.com\/index.php?rest_route=\/wp\/v2\/pages\/17\/revisions"}],"predecessor-version":[{"id":137,"href":"https:\/\/www.click-fiction.com\/index.php?rest_route=\/wp\/v2\/pages\/17\/revisions\/137"}],"wp:attachment":[{"href":"https:\/\/www.click-fiction.com\/index.php?rest_route=%2Fwp%2Fv2%2Fmedia&parent=17"}],"curies":[{"name":"wp","href":"https:\/\/api.w.org\/{rel}","templated":true}]}}